{"id":40,"date":"2015-11-27T16:02:13","date_gmt":"2015-11-27T16:02:13","guid":{"rendered":"http:\/\/werbearchitekten.net\/wordpress\/?page_id=40"},"modified":"2015-11-27T16:02:53","modified_gmt":"2015-11-27T16:02:53","slug":"digitaldruck","status":"publish","type":"page","link":"https:\/\/werbearchitekten.net\/wordpress\/?page_id=40","title":{"rendered":"Digitaldruck"},"content":{"rendered":"<p>Wir bieten Ihnen hochaufl\u00f6sende Drucke in guter Qualit\u00e4t auf diversen Materialien wie zum Beispiel:<\/p>\n<p>&#8211; Klebefolien f\u00fcr den Au\u00dfenbereich und Innenbereich (Fahrzeugbeschriftungen, Schilder, Auslagen, Aufleber, \u2026)<br \/>\n&#8211; Planen und Rollups<br \/>\n&#8211; Stoffdrucke (Canvas auf Keirahmen, Vorh\u00e4nge, \u2026)<br \/>\n&#8211; Plattendruck<\/p>\n<p>Unser Drucker ist eine Epson Sure Color S30600<\/p>\n<p>Die Druckaufl\u00f6sung betr\u00e4gt 1440&#215;1400<\/p>\n<p>Sie bietet eine hervorragende Qualit\u00e4t und bedruckt eine Vielzahl von Materialien.<br \/>\nFalls Sie das gew\u00fcnschte Material nicht in der Liste gefunden haben fragen Sie uns einfach!<\/p>\n","protected":false},"excerpt":{"rendered":"<p>Wir bieten Ihnen hochaufl\u00f6sende Drucke in guter Qualit\u00e4t auf diversen Materialien wie zum Beispiel: &#8211; Klebefolien f\u00fcr den Au\u00dfenbereich und Innenbereich (Fahrzeugbeschriftungen, Schilder, Auslagen, Aufleber, \u2026) &#8211; Planen und Rollups &#8211; Stoffdrucke (Canvas auf Keirahmen, Vorh\u00e4nge, \u2026) &#8211; Plattendruck Unser Drucker ist eine Epson Sure Color S30600 Die Druckaufl\u00f6sung betr\u00e4gt 1440&#215;1400 Sie bietet eine hervorragende [&hellip;]<\/p>\n","protected":false},"author":1,"featured_media":0,"parent":0,"menu_order":0,"comment_status":"closed","ping_status":"closed","template":"","meta":[],"_links":{"self":[{"href":"https:\/\/werbearchitekten.net\/wordpress\/index.php?rest_route=\/wp\/v2\/pages\/40"}],"collection":[{"href":"https:\/\/werbearchitekten.net\/wordpress\/index.php?rest_route=\/wp\/v2\/pages"}],"about":[{"href":"https:\/\/werbearchitekten.net\/wordpress\/index.php?rest_route=\/wp\/v2\/types\/page"}],"author":[{"embeddable":true,"href":"https:\/\/werbearchitekten.net\/wordpress\/index.php?rest_route=\/wp\/v2\/users\/1"}],"replies":[{"embeddable":true,"href":"https:\/\/werbearchitekten.net\/wordpress\/index.php?rest_route=%2Fwp%2Fv2%2Fcomments&post=40"}],"version-history":[{"count":1,"href":"https:\/\/werbearchitekten.net\/wordpress\/index.php?rest_route=\/wp\/v2\/pages\/40\/revisions"}],"predecessor-version":[{"id":41,"href":"https:\/\/werbearchitekten.net\/wordpress\/index.php?rest_route=\/wp\/v2\/pages\/40\/revisions\/41"}],"wp:attachment":[{"href":"https:\/\/werbearchitekten.net\/wordpress\/index.php?rest_route=%2Fwp%2Fv2%2Fmedia&parent=40"}],"curies":[{"name":"wp","href":"https:\/\/api.w.org\/{rel}","templated":true}]}}